{"id":470,"date":"2022-05-11T14:29:04","date_gmt":"2022-05-11T14:29:04","guid":{"rendered":"https:\/\/u123740p119998.web0143.zxcs-klant.nl\/imtrade\/?page_id=470"},"modified":"2023-10-02T08:48:53","modified_gmt":"2023-10-02T08:48:53","slug":"papier-kopen-bij-imtrade","status":"publish","type":"page","link":"https:\/\/www.imtrade.nl\/de\/papier-kopen-bij-imtrade\/","title":{"rendered":"Papier kaufen bei IMtrade"},"content":{"rendered":"<div data-elementor-type=\"wp-page\" data-elementor-id=\"470\" class=\"elementor elementor-470\" data-elementor-post-type=\"page\">\n\t\t\t\t\t\t<section class=\"elementor-section elementor-top-section elementor-element elementor-element-88e5030 elementor-section-height-min-height elementor-section-boxed elementor-section-height-default elementor-section-items-middle\" data-id=\"88e5030\" data-element_type=\"section\" data-e-type=\"section\" data-settings=\"{&quot;background_background&quot;:&quot;video&quot;,&quot;background_video_link&quot;:&quot;https:\\\/\\\/www.imtrade.nl\\\/wp-content\\\/uploads\\\/2022\\\/11\\\/Ontwerp-zonder-titel-3.mp4&quot;,&quot;background_play_on_mobile&quot;:&quot;yes&quot;}\">\n\t\t\t\t\t\t\t\t<div class=\"elementor-background-video-container\">\n\t\t\t\t\t\t\t\t\t\t\t\t\t<video class=\"elementor-background-video-hosted\" role=\"presentation\" autoplay muted playsinline loop><\/video>\n\t\t\t\t\t\t\t\t\t\t\t<\/div>\n\t\t\t\t\t\t\t\t\t<div class=\"elementor-background-overlay\"><\/div>\n\t\t\t\t\t\t\t<div class=\"elementor-container elementor-column-gap-default\">\n\t\t\t\t\t<div class=\"elementor-column elementor-col-100 elementor-top-column elementor-element elementor-element-7d87ea3\" data-id=\"7d87ea3\" data-element_type=\"column\" data-e-type=\"column\">\n\t\t\t<div class=\"elementor-widget-wrap\">\n\t\t\t\t\t\t\t<\/div>\n\t\t<\/div>\n\t\t\t\t\t<\/div>\n\t\t<\/section>\n\t\t\t\t<section class=\"elementor-section elementor-top-section elementor-element elementor-element-1aaa8f9 animated-slow elementor-section-boxed elementor-section-height-default elementor-section-height-default elementor-invisible\" data-id=\"1aaa8f9\" data-element_type=\"section\" data-e-type=\"section\" data-settings=\"{&quot;animation&quot;:&quot;fadeInUp&quot;}\">\n\t\t\t\t\t\t<div class=\"elementor-container elementor-column-gap-default\">\n\t\t\t\t\t<div class=\"elementor-column elementor-col-100 elementor-top-column elementor-element elementor-element-168dc1d\" data-id=\"168dc1d\" data-element_type=\"column\" data-e-type=\"column\" data-settings=\"{&quot;background_background&quot;:&quot;classic&quot;}\">\n\t\t\t<div class=\"elementor-widget-wrap elementor-element-populated\">\n\t\t\t\t\t\t<section class=\"elementor-section elementor-inner-section elementor-element elementor-element-efae3bc elementor-section-content-middle elementor-section-boxed elementor-section-height-default elementor-section-height-default\" data-id=\"efae3bc\" data-element_type=\"section\" data-e-type=\"section\">\n\t\t\t\t\t\t<div class=\"elementor-container elementor-column-gap-default\">\n\t\t\t\t\t<div class=\"elementor-column elementor-col-50 elementor-inner-column elementor-element elementor-element-48af036\" data-id=\"48af036\" data-element_type=\"column\" data-e-type=\"column\">\n\t\t\t<div class=\"elementor-widget-wrap elementor-element-populated\">\n\t\t\t\t\t\t<div class=\"elementor-element elementor-element-fa8770b elementor-widget elementor-widget-heading\" data-id=\"fa8770b\" data-element_type=\"widget\" data-e-type=\"widget\" data-widget_type=\"heading.default\">\n\t\t\t\t<div class=\"elementor-widget-container\">\n\t\t\t\t\t<h2 class=\"elementor-heading-title elementor-size-default\">Papier <span>kopen<\/span> bij IMtrade?<\/h2>\t\t\t\t<\/div>\n\t\t\t\t<\/div>\n\t\t\t\t<div class=\"elementor-element elementor-element-bd17e61 elementor-widget elementor-widget-text-editor\" data-id=\"bd17e61\" data-element_type=\"widget\" data-e-type=\"widget\" data-widget_type=\"text-editor.default\">\n\t\t\t\t<div class=\"elementor-widget-container\">\n\t\t\t\t\t\t\t\t\t<p>Goede keuze. We werken op dit moment samen met veel verschillende markten: papierinzamelaars, recyclers, handelaren, papierfabrieken en andere oud papier verwerkende industrie\u00ebn. Dat doen we over de hele wereld: in Europa, waaronder Nederland, Duitsland en Belgi\u00eb, maar ook op de Aziatische markt: India, Pakistan, Thailand, Vietnam, et cetera.<\/p><p>Wir k\u00fcmmern uns auch um den Transport, vom Lade- bis zur Lieferort und sind bekannt f\u00fcr unsere Zuverl\u00e4ssigkeit bei Abholung und Lieferung . Ob der Transport per Lkw, Zug oder Schiff erfolgen soll: wir bei IMtrade haben die n\u00f6tige Erfahrung f\u00fcr den richtigen Transportweg. Und weil wir bei IMtrade den gesamten Vorgang von A bis Z \u2013 also vom Ankauf \u00fcber die Logistik bis zum Verkauf \u2013 betreuen, verf\u00fcgen wir \u00fcber entsprechende Detailkenntnisse. Und das zu einem ehrlichen Tarif.<\/p><p>Haben Sie Lust auf eine Zusammenarbeit?<\/p>\t\t\t\t\t\t\t\t<\/div>\n\t\t\t\t<\/div>\n\t\t\t\t\t<\/div>\n\t\t<\/div>\n\t\t\t\t<div class=\"elementor-column elementor-col-50 elementor-inner-column elementor-element elementor-element-f29c8e6 elementor-hidden-tablet elementor-hidden-mobile\" data-id=\"f29c8e6\" data-element_type=\"column\" data-e-type=\"column\">\n\t\t\t<div class=\"elementor-widget-wrap elementor-element-populated\">\n\t\t\t\t\t\t<div class=\"elementor-element elementor-element-903afc3 elementor-widget elementor-widget-image\" data-id=\"903afc3\" data-element_type=\"widget\" data-e-type=\"widget\" data-widget_type=\"image.default\">\n\t\t\t\t<div class=\"elementor-widget-container\">\n\t\t\t\t\t\t\t\t\t\t\t\t\t\t\t<img fetchpriority=\"high\" decoding=\"async\" width=\"800\" height=\"800\" src=\"https:\/\/www.imtrade.nl\/wp-content\/uploads\/2022\/12\/Ontwerp-zonder-titel-48-1024x1024.jpg\" class=\"attachment-large size-large wp-image-2011\" alt=\"\" srcset=\"https:\/\/www.imtrade.nl\/wp-content\/uploads\/2022\/12\/Ontwerp-zonder-titel-48-1024x1024.jpg 1024w, https:\/\/www.imtrade.nl\/wp-content\/uploads\/2022\/12\/Ontwerp-zonder-titel-48-300x300.jpg 300w, https:\/\/www.imtrade.nl\/wp-content\/uploads\/2022\/12\/Ontwerp-zonder-titel-48-150x150.jpg 150w, https:\/\/www.imtrade.nl\/wp-content\/uploads\/2022\/12\/Ontwerp-zonder-titel-48-768x768.jpg 768w, https:\/\/www.imtrade.nl\/wp-content\/uploads\/2022\/12\/Ontwerp-zonder-titel-48-12x12.jpg 12w, https:\/\/www.imtrade.nl\/wp-content\/uploads\/2022\/12\/Ontwerp-zonder-titel-48.jpg 1080w\" sizes=\"(max-width: 800px) 100vw, 800px\" \/>\t\t\t\t\t\t\t\t\t\t\t\t\t\t\t<\/div>\n\t\t\t\t<\/div>\n\t\t\t\t\t<\/div>\n\t\t<\/div>\n\t\t\t\t\t<\/div>\n\t\t<\/section>\n\t\t\t\t<section class=\"elementor-section elementor-inner-section elementor-element elementor-element-2551db2 elementor-section-boxed elementor-section-height-default elementor-section-height-default\" data-id=\"2551db2\" data-element_type=\"section\" data-e-type=\"section\">\n\t\t\t\t\t\t<div class=\"elementor-container elementor-column-gap-default\">\n\t\t\t\t\t<div class=\"elementor-column elementor-col-50 elementor-inner-column elementor-element elementor-element-a1f7d9f\" data-id=\"a1f7d9f\" data-element_type=\"column\" data-e-type=\"column\">\n\t\t\t<div class=\"elementor-widget-wrap elementor-element-populated\">\n\t\t\t\t\t\t<div class=\"elementor-element elementor-element-7fac975 elementor-widget__width-auto elementor-widget elementor-widget-button\" data-id=\"7fac975\" data-element_type=\"widget\" data-e-type=\"widget\" data-widget_type=\"button.default\">\n\t\t\t\t<div class=\"elementor-widget-container\">\n\t\t\t\t\t\t\t\t\t<div class=\"elementor-button-wrapper\">\n\t\t\t\t\t<a class=\"elementor-button elementor-button-link elementor-size-sm elementor-animation-pulse-grow\" href=\"https:\/\/www.imtrade.nl\/de\/contact\/\">\n\t\t\t\t\t\t<span class=\"elementor-button-content-wrapper\">\n\t\t\t\t\t\t\t\t\t<span class=\"elementor-button-text\">Nehmen Sie Kontakt mit uns auf!<\/span>\n\t\t\t\t\t<\/span>\n\t\t\t\t\t<\/a>\n\t\t\t\t<\/div>\n\t\t\t\t\t\t\t\t<\/div>\n\t\t\t\t<\/div>\n\t\t\t\t\t<\/div>\n\t\t<\/div>\n\t\t\t\t<div class=\"elementor-column elementor-col-50 elementor-inner-column elementor-element elementor-element-62f0933\" data-id=\"62f0933\" data-element_type=\"column\" data-e-type=\"column\">\n\t\t\t<div class=\"elementor-widget-wrap elementor-element-populated\">\n\t\t\t\t\t\t<div class=\"elementor-element elementor-element-4fd5e8d elementor-widget__width-auto elementor-widget elementor-widget-button\" data-id=\"4fd5e8d\" data-element_type=\"widget\" data-e-type=\"widget\" data-widget_type=\"button.default\">\n\t\t\t\t<div class=\"elementor-widget-container\">\n\t\t\t\t\t\t\t\t\t<div class=\"elementor-button-wrapper\">\n\t\t\t\t\t<a class=\"elementor-button elementor-button-link elementor-size-sm elementor-animation-pulse-grow\" href=\"https:\/\/www.imtrade.nl\/de\/papier-verkopen-aan-imtrade\/\">\n\t\t\t\t\t\t<span class=\"elementor-button-content-wrapper\">\n\t\t\t\t\t\t\t\t\t<span class=\"elementor-button-text\">Ich m\u00f6chte Papier verkaufen<\/span>\n\t\t\t\t\t<\/span>\n\t\t\t\t\t<\/a>\n\t\t\t\t<\/div>\n\t\t\t\t\t\t\t\t<\/div>\n\t\t\t\t<\/div>\n\t\t\t\t\t<\/div>\n\t\t<\/div>\n\t\t\t\t\t<\/div>\n\t\t<\/section>\n\t\t\t\t\t<\/div>\n\t\t<\/div>\n\t\t\t\t\t<\/div>\n\t\t<\/section>\n\t\t\t\t<\/div>","protected":false},"excerpt":{"rendered":"<p>Papier kopen bij IMtrade? Goede keuze. We werken op dit moment samen met veel verschillende markten: papierinzamelaars, recyclers, handelaren, papierfabrieken en andere oud papier verwerkende industrie\u00ebn. Dat doen we over de hele wereld: in Europa, waaronder Nederland, Duitsland en Belgi\u00eb, maar ook op de Aziatische markt: India, Pakistan, Thailand, Vietnam, et cetera. Wij verzorgen ook [&hellip;]<\/p>","protected":false},"author":2,"featured_media":0,"parent":0,"menu_order":0,"comment_status":"closed","ping_status":"closed","template":"elementor_theme","meta":{"_acf_changed":false,"footnotes":""},"class_list":["post-470","page","type-page","status-publish","hentry"],"acf":[],"jetpack_sharing_enabled":true,"_links":{"self":[{"href":"https:\/\/www.imtrade.nl\/de\/wp-json\/wp\/v2\/pages\/470","targetHints":{"allow":["GET"]}}],"collection":[{"href":"https:\/\/www.imtrade.nl\/de\/wp-json\/wp\/v2\/pages"}],"about":[{"href":"https:\/\/www.imtrade.nl\/de\/wp-json\/wp\/v2\/types\/page"}],"author":[{"embeddable":true,"href":"https:\/\/www.imtrade.nl\/de\/wp-json\/wp\/v2\/users\/2"}],"replies":[{"embeddable":true,"href":"https:\/\/www.imtrade.nl\/de\/wp-json\/wp\/v2\/comments?post=470"}],"version-history":[{"count":23,"href":"https:\/\/www.imtrade.nl\/de\/wp-json\/wp\/v2\/pages\/470\/revisions"}],"predecessor-version":[{"id":2313,"href":"https:\/\/www.imtrade.nl\/de\/wp-json\/wp\/v2\/pages\/470\/revisions\/2313"}],"wp:attachment":[{"href":"https:\/\/www.imtrade.nl\/de\/wp-json\/wp\/v2\/media?parent=470"}],"curies":[{"name":"wp","href":"https:\/\/api.w.org\/{rel}","templated":true}]}}