{"id":502,"date":"2022-05-11T14:59:15","date_gmt":"2022-05-11T14:59:15","guid":{"rendered":"https:\/\/u123740p119998.web0143.zxcs-klant.nl\/imtrade\/?page_id=502"},"modified":"2023-10-02T08:45:06","modified_gmt":"2023-10-02T08:45:06","slug":"papier-verkopen-aan-imtrade","status":"publish","type":"page","link":"https:\/\/www.imtrade.nl\/de\/papier-verkopen-aan-imtrade\/","title":{"rendered":"Papier verkaufen"},"content":{"rendered":"<div data-elementor-type=\"wp-page\" data-elementor-id=\"502\" class=\"elementor elementor-502\" data-elementor-post-type=\"page\">\n\t\t\t\t\t\t<section class=\"elementor-section elementor-top-section elementor-element elementor-element-f63f506 elementor-section-height-min-height elementor-section-boxed elementor-section-height-default elementor-section-items-middle\" data-id=\"f63f506\" data-element_type=\"section\" data-e-type=\"section\" data-settings=\"{&quot;background_background&quot;:&quot;classic&quot;}\">\n\t\t\t\t\t\t\t<div class=\"elementor-background-overlay\"><\/div>\n\t\t\t\t\t\t\t<div class=\"elementor-container elementor-column-gap-default\">\n\t\t\t\t\t<div class=\"elementor-column elementor-col-100 elementor-top-column elementor-element elementor-element-655c5bd\" data-id=\"655c5bd\" data-element_type=\"column\" data-e-type=\"column\">\n\t\t\t<div class=\"elementor-widget-wrap\">\n\t\t\t\t\t\t\t<\/div>\n\t\t<\/div>\n\t\t\t\t\t<\/div>\n\t\t<\/section>\n\t\t\t\t<section class=\"elementor-section elementor-top-section elementor-element elementor-element-f82275d animated-slow elementor-section-boxed elementor-section-height-default elementor-section-height-default elementor-invisible\" data-id=\"f82275d\" data-element_type=\"section\" data-e-type=\"section\" data-settings=\"{&quot;animation&quot;:&quot;fadeInUp&quot;}\">\n\t\t\t\t\t\t<div class=\"elementor-container elementor-column-gap-default\">\n\t\t\t\t\t<div class=\"elementor-column elementor-col-100 elementor-top-column elementor-element elementor-element-1587f71\" data-id=\"1587f71\" data-element_type=\"column\" data-e-type=\"column\" data-settings=\"{&quot;background_background&quot;:&quot;classic&quot;}\">\n\t\t\t<div class=\"elementor-widget-wrap elementor-element-populated\">\n\t\t\t\t\t\t<section class=\"elementor-section elementor-inner-section elementor-element elementor-element-01f463d elementor-section-content-middle elementor-section-boxed elementor-section-height-default elementor-section-height-default\" data-id=\"01f463d\" data-element_type=\"section\" data-e-type=\"section\">\n\t\t\t\t\t\t<div class=\"elementor-container elementor-column-gap-default\">\n\t\t\t\t\t<div class=\"elementor-column elementor-col-50 elementor-inner-column elementor-element elementor-element-6d5144f\" data-id=\"6d5144f\" data-element_type=\"column\" data-e-type=\"column\">\n\t\t\t<div class=\"elementor-widget-wrap elementor-element-populated\">\n\t\t\t\t\t\t<div class=\"elementor-element elementor-element-17942cf elementor-widget elementor-widget-heading\" data-id=\"17942cf\" data-element_type=\"widget\" data-e-type=\"widget\" data-widget_type=\"heading.default\">\n\t\t\t\t<div class=\"elementor-widget-container\">\n\t\t\t\t\t<h2 class=\"elementor-heading-title elementor-size-default\">Papier <span>verkopen<\/span> bij IMtrade?<\/h2>\t\t\t\t<\/div>\n\t\t\t\t<\/div>\n\t\t\t\t<div class=\"elementor-element elementor-element-56af50c elementor-widget elementor-widget-text-editor\" data-id=\"56af50c\" data-element_type=\"widget\" data-e-type=\"widget\" data-widget_type=\"text-editor.default\">\n\t\t\t\t<div class=\"elementor-widget-container\">\n\t\t\t\t\t\t\t\t\t<p>Sie m\u00f6chten Papier verkaufen? Dann sind Sie bei uns an der richtigen Adresse. Wir bei IMtrade streben danach, f\u00fcr jede Papiersorte die passende L\u00f6sung zu finden. Sowohl f\u00fcr Altpapier als auch f\u00fcr neues Papier.<\/p><p>Wir garantieren Ihnen eine schnelle, zuverl\u00e4ssige und verantwortungsbewusste Abnahme und wir zahlen einen ehrlichen Preis f\u00fcr Ihr Product.<\/p><p>. Auch k\u00fcmmern wir uns um die Abholung und Lieferung.\nEgal ob der Transport per Lkw, Zug oder Schiff erfolgen soll: wir bei IMtrade haben die n\u00f6tige Erfahrung f\u00fcr den richtigen Transportweg. Und weil wir bei IMtrade den gesamten Vorgang von A bis Z \u2013 also vom Ankauf \u00fcber die Logistik bis zum Verkauf \u2013 betreuen, verf\u00fcgen wir \u00fcber entsprechende Detailkenntnisse.<\/p><p>Haben Sie Lust auf eine Zusammenarbeit?<\/p>\t\t\t\t\t\t\t\t<\/div>\n\t\t\t\t<\/div>\n\t\t\t\t\t<\/div>\n\t\t<\/div>\n\t\t\t\t<div class=\"elementor-column elementor-col-50 elementor-inner-column elementor-element elementor-element-8473186 elementor-hidden-tablet elementor-hidden-mobile\" data-id=\"8473186\" data-element_type=\"column\" data-e-type=\"column\">\n\t\t\t<div class=\"elementor-widget-wrap elementor-element-populated\">\n\t\t\t\t\t\t<div class=\"elementor-element elementor-element-1a58fc7 elementor-widget elementor-widget-image\" data-id=\"1a58fc7\" data-element_type=\"widget\" data-e-type=\"widget\" data-widget_type=\"image.default\">\n\t\t\t\t<div class=\"elementor-widget-container\">\n\t\t\t\t\t\t\t\t\t\t\t\t\t\t\t<img fetchpriority=\"high\" decoding=\"async\" width=\"800\" height=\"800\" src=\"https:\/\/www.imtrade.nl\/wp-content\/uploads\/2022\/12\/Ontwerp-zonder-titel-48-1024x1024.jpg\" class=\"attachment-large size-large wp-image-2011\" alt=\"\" srcset=\"https:\/\/www.imtrade.nl\/wp-content\/uploads\/2022\/12\/Ontwerp-zonder-titel-48-1024x1024.jpg 1024w, https:\/\/www.imtrade.nl\/wp-content\/uploads\/2022\/12\/Ontwerp-zonder-titel-48-300x300.jpg 300w, https:\/\/www.imtrade.nl\/wp-content\/uploads\/2022\/12\/Ontwerp-zonder-titel-48-150x150.jpg 150w, https:\/\/www.imtrade.nl\/wp-content\/uploads\/2022\/12\/Ontwerp-zonder-titel-48-768x768.jpg 768w, https:\/\/www.imtrade.nl\/wp-content\/uploads\/2022\/12\/Ontwerp-zonder-titel-48-12x12.jpg 12w, https:\/\/www.imtrade.nl\/wp-content\/uploads\/2022\/12\/Ontwerp-zonder-titel-48.jpg 1080w\" sizes=\"(max-width: 800px) 100vw, 800px\" \/>\t\t\t\t\t\t\t\t\t\t\t\t\t\t\t<\/div>\n\t\t\t\t<\/div>\n\t\t\t\t\t<\/div>\n\t\t<\/div>\n\t\t\t\t\t<\/div>\n\t\t<\/section>\n\t\t\t\t<section class=\"elementor-section elementor-inner-section elementor-element elementor-element-7f09afc elementor-section-boxed elementor-section-height-default elementor-section-height-default\" data-id=\"7f09afc\" data-element_type=\"section\" data-e-type=\"section\">\n\t\t\t\t\t\t<div class=\"elementor-container elementor-column-gap-default\">\n\t\t\t\t\t<div class=\"elementor-column elementor-col-50 elementor-inner-column elementor-element elementor-element-8fee8bd\" data-id=\"8fee8bd\" data-element_type=\"column\" data-e-type=\"column\">\n\t\t\t<div class=\"elementor-widget-wrap elementor-element-populated\">\n\t\t\t\t\t\t<div class=\"elementor-element elementor-element-891cf2f elementor-widget__width-auto elementor-widget elementor-widget-button\" data-id=\"891cf2f\" data-element_type=\"widget\" data-e-type=\"widget\" data-widget_type=\"button.default\">\n\t\t\t\t<div class=\"elementor-widget-container\">\n\t\t\t\t\t\t\t\t\t<div class=\"elementor-button-wrapper\">\n\t\t\t\t\t<a class=\"elementor-button elementor-button-link elementor-size-sm elementor-animation-pulse-grow\" href=\"https:\/\/www.imtrade.nl\/de\/contact\/\">\n\t\t\t\t\t\t<span class=\"elementor-button-content-wrapper\">\n\t\t\t\t\t\t\t\t\t<span class=\"elementor-button-text\">Nehmen Sie Kontakt mit uns auf!<\/span>\n\t\t\t\t\t<\/span>\n\t\t\t\t\t<\/a>\n\t\t\t\t<\/div>\n\t\t\t\t\t\t\t\t<\/div>\n\t\t\t\t<\/div>\n\t\t\t\t\t<\/div>\n\t\t<\/div>\n\t\t\t\t<div class=\"elementor-column elementor-col-50 elementor-inner-column elementor-element elementor-element-9cb63f3\" data-id=\"9cb63f3\" data-element_type=\"column\" data-e-type=\"column\">\n\t\t\t<div class=\"elementor-widget-wrap elementor-element-populated\">\n\t\t\t\t\t\t<div class=\"elementor-element elementor-element-08bdf87 elementor-widget__width-auto elementor-widget elementor-widget-button\" data-id=\"08bdf87\" data-element_type=\"widget\" data-e-type=\"widget\" data-widget_type=\"button.default\">\n\t\t\t\t<div class=\"elementor-widget-container\">\n\t\t\t\t\t\t\t\t\t<div class=\"elementor-button-wrapper\">\n\t\t\t\t\t<a class=\"elementor-button elementor-button-link elementor-size-sm elementor-animation-pulse-grow\" href=\"https:\/\/www.imtrade.nl\/de\/how\/\">\n\t\t\t\t\t\t<span class=\"elementor-button-content-wrapper\">\n\t\t\t\t\t\t\t\t\t<span class=\"elementor-button-text\">Wie<\/span>\n\t\t\t\t\t<\/span>\n\t\t\t\t\t<\/a>\n\t\t\t\t<\/div>\n\t\t\t\t\t\t\t\t<\/div>\n\t\t\t\t<\/div>\n\t\t\t\t\t<\/div>\n\t\t<\/div>\n\t\t\t\t\t<\/div>\n\t\t<\/section>\n\t\t\t\t\t<\/div>\n\t\t<\/div>\n\t\t\t\t\t<\/div>\n\t\t<\/section>\n\t\t\t\t<\/div>","protected":false},"excerpt":{"rendered":"<p>Papier verkopen bij IMtrade? Papier verkopen? Dan ben je bij ons aan het juiste adres! Bij IMtrade streven we ernaar om voor elke papiersoort een passende oplossing te vinden, zowel voor oud- als nieuw papier. We garanderen je een snelle, betrouwbare en verantwoorde afname en we betalen altijd een eerlijke prijs voor je producten. Wij [&hellip;]<\/p>","protected":false},"author":2,"featured_media":0,"parent":0,"menu_order":0,"comment_status":"closed","ping_status":"closed","template":"elementor_theme","meta":{"_acf_changed":false,"footnotes":""},"class_list":["post-502","page","type-page","status-publish","hentry"],"acf":[],"jetpack_sharing_enabled":true,"_links":{"self":[{"href":"https:\/\/www.imtrade.nl\/de\/wp-json\/wp\/v2\/pages\/502","targetHints":{"allow":["GET"]}}],"collection":[{"href":"https:\/\/www.imtrade.nl\/de\/wp-json\/wp\/v2\/pages"}],"about":[{"href":"https:\/\/www.imtrade.nl\/de\/wp-json\/wp\/v2\/types\/page"}],"author":[{"embeddable":true,"href":"https:\/\/www.imtrade.nl\/de\/wp-json\/wp\/v2\/users\/2"}],"replies":[{"embeddable":true,"href":"https:\/\/www.imtrade.nl\/de\/wp-json\/wp\/v2\/comments?post=502"}],"version-history":[{"count":17,"href":"https:\/\/www.imtrade.nl\/de\/wp-json\/wp\/v2\/pages\/502\/revisions"}],"predecessor-version":[{"id":2303,"href":"https:\/\/www.imtrade.nl\/de\/wp-json\/wp\/v2\/pages\/502\/revisions\/2303"}],"wp:attachment":[{"href":"https:\/\/www.imtrade.nl\/de\/wp-json\/wp\/v2\/media?parent=502"}],"curies":[{"name":"wp","href":"https:\/\/api.w.org\/{rel}","templated":true}]}}