{"id":514,"date":"2022-05-11T15:04:35","date_gmt":"2022-05-11T15:04:35","guid":{"rendered":"https:\/\/u123740p119998.web0143.zxcs-klant.nl\/imtrade\/?page_id=514"},"modified":"2023-10-02T08:49:06","modified_gmt":"2023-10-02T08:49:06","slug":"how","status":"publish","type":"page","link":"https:\/\/www.imtrade.nl\/de\/how\/","title":{"rendered":"Wie"},"content":{"rendered":"<div data-elementor-type=\"wp-page\" data-elementor-id=\"514\" class=\"elementor elementor-514\" data-elementor-post-type=\"page\">\n\t\t\t\t\t\t<section class=\"elementor-section elementor-top-section elementor-element elementor-element-6cd92fe elementor-section-height-min-height elementor-section-boxed elementor-section-height-default elementor-section-items-middle\" data-id=\"6cd92fe\" data-element_type=\"section\" data-e-type=\"section\" data-settings=\"{&quot;background_background&quot;:&quot;classic&quot;}\">\n\t\t\t\t\t\t\t<div class=\"elementor-background-overlay\"><\/div>\n\t\t\t\t\t\t\t<div class=\"elementor-container elementor-column-gap-default\">\n\t\t\t\t\t<div class=\"elementor-column elementor-col-100 elementor-top-column elementor-element elementor-element-40edd73\" data-id=\"40edd73\" data-element_type=\"column\" data-e-type=\"column\">\n\t\t\t<div class=\"elementor-widget-wrap\">\n\t\t\t\t\t\t\t<\/div>\n\t\t<\/div>\n\t\t\t\t\t<\/div>\n\t\t<\/section>\n\t\t\t\t<section class=\"elementor-section elementor-top-section elementor-element elementor-element-7be0cc8 animated-slow elementor-section-boxed elementor-section-height-default elementor-section-height-default elementor-invisible\" data-id=\"7be0cc8\" data-element_type=\"section\" data-e-type=\"section\" data-settings=\"{&quot;animation&quot;:&quot;fadeInUp&quot;}\">\n\t\t\t\t\t\t<div class=\"elementor-container elementor-column-gap-default\">\n\t\t\t\t\t<div class=\"elementor-column elementor-col-100 elementor-top-column elementor-element elementor-element-5c5c98b\" data-id=\"5c5c98b\" data-element_type=\"column\" data-e-type=\"column\" data-settings=\"{&quot;background_background&quot;:&quot;classic&quot;}\">\n\t\t\t<div class=\"elementor-widget-wrap elementor-element-populated\">\n\t\t\t\t\t\t<section class=\"elementor-section elementor-inner-section elementor-element elementor-element-5f56faf elementor-section-content-middle elementor-section-boxed elementor-section-height-default elementor-section-height-default\" data-id=\"5f56faf\" data-element_type=\"section\" data-e-type=\"section\">\n\t\t\t\t\t\t<div class=\"elementor-container elementor-column-gap-default\">\n\t\t\t\t\t<div class=\"elementor-column elementor-col-50 elementor-inner-column elementor-element elementor-element-f4082fe\" data-id=\"f4082fe\" data-element_type=\"column\" data-e-type=\"column\">\n\t\t\t<div class=\"elementor-widget-wrap elementor-element-populated\">\n\t\t\t\t\t\t<div class=\"elementor-element elementor-element-d0dfd23 elementor-widget elementor-widget-text-editor\" data-id=\"d0dfd23\" data-element_type=\"widget\" data-e-type=\"widget\" data-widget_type=\"text-editor.default\">\n\t\t\t\t<div class=\"elementor-widget-container\">\n\t\t\t\t\t\t\t\t\t<p class=\"translation-block\">Bei IMtrade steht guter Service an erster Stelle. Haben Sie eine Frage ode rein Problem? Rufen Sie uns an. Bei uns sprechen Sie immer direkt mit einem Mitarbeiter, der sein Bestes gibt, um Sie schnell und gut zu informieren oder eine L\u00f6sung zu finden. Kurze Wege sind bei uns ein wichtiges Kriterium. Bei IMtrade wissen Sie jederzeit, mit wem Sie es zu tun haben. Wir legen Wert auf pers\u00f6nliche Kontakte.<\/p><p><b>Ins Tiefe springen<br \/><\/b>Wir von IMtrade sind anpassungsf\u00e4hig. Die Bereitschaft unserer Mitarbeiter ist sehr hoch. Dies zeigt sich \u00fcbrigens auch in der Kommunikation, denn all unsere Mitarbeiter sprechen sowohl Englisch als auch Deutsch. Sprechen Sie lieber in einer anderen Sprache mit uns? Auch hierf\u00fcr finden  wir eine L\u00f6sung. Wir machen uns gerne verst\u00e4ndlich und haben keine Angst vor dem Sprung ins Tiefe.<\/p><p><b>Ein besonderes Team<br \/><\/b>Unser Team von Mitarbeitern ist kein Standard, sondern ausserordentlich flexibel. Pers\u00f6nliche Kontakte haben Priorit\u00e4t. Eine positive Arbeitsatmosph\u00e4re und Humor sind bei uns extrem wichtig. Aber wenn die \u00c4rmel hochgekrempelt werden m\u00fcssen, ist jeder bereit dazu und dann wird aquch ordentlich gearbeitet. Wie es sich geh\u00f6rt.<\/p>\t\t\t\t\t\t\t\t<\/div>\n\t\t\t\t<\/div>\n\t\t\t\t\t<\/div>\n\t\t<\/div>\n\t\t\t\t<div class=\"elementor-column elementor-col-50 elementor-inner-column elementor-element elementor-element-eebd840 elementor-hidden-tablet elementor-hidden-mobile\" data-id=\"eebd840\" data-element_type=\"column\" data-e-type=\"column\">\n\t\t\t<div class=\"elementor-widget-wrap elementor-element-populated\">\n\t\t\t\t\t\t<div class=\"elementor-element elementor-element-c0e48ff elementor-widget elementor-widget-image\" data-id=\"c0e48ff\" data-element_type=\"widget\" data-e-type=\"widget\" data-widget_type=\"image.default\">\n\t\t\t\t<div class=\"elementor-widget-container\">\n\t\t\t\t\t\t\t\t\t\t\t\t\t\t\t<img fetchpriority=\"high\" decoding=\"async\" width=\"800\" height=\"800\" src=\"https:\/\/www.imtrade.nl\/wp-content\/uploads\/2022\/12\/Ontwerp-zonder-titel-48-1024x1024.jpg\" class=\"attachment-large size-large wp-image-2011\" alt=\"\" srcset=\"https:\/\/www.imtrade.nl\/wp-content\/uploads\/2022\/12\/Ontwerp-zonder-titel-48-1024x1024.jpg 1024w, https:\/\/www.imtrade.nl\/wp-content\/uploads\/2022\/12\/Ontwerp-zonder-titel-48-300x300.jpg 300w, https:\/\/www.imtrade.nl\/wp-content\/uploads\/2022\/12\/Ontwerp-zonder-titel-48-150x150.jpg 150w, https:\/\/www.imtrade.nl\/wp-content\/uploads\/2022\/12\/Ontwerp-zonder-titel-48-768x768.jpg 768w, https:\/\/www.imtrade.nl\/wp-content\/uploads\/2022\/12\/Ontwerp-zonder-titel-48-12x12.jpg 12w, https:\/\/www.imtrade.nl\/wp-content\/uploads\/2022\/12\/Ontwerp-zonder-titel-48.jpg 1080w\" sizes=\"(max-width: 800px) 100vw, 800px\" \/>\t\t\t\t\t\t\t\t\t\t\t\t\t\t\t<\/div>\n\t\t\t\t<\/div>\n\t\t\t\t\t<\/div>\n\t\t<\/div>\n\t\t\t\t\t<\/div>\n\t\t<\/section>\n\t\t\t\t<section class=\"elementor-section elementor-inner-section elementor-element elementor-element-cd8a45c elementor-section-boxed elementor-section-height-default elementor-section-height-default\" data-id=\"cd8a45c\" data-element_type=\"section\" data-e-type=\"section\">\n\t\t\t\t\t\t<div class=\"elementor-container elementor-column-gap-default\">\n\t\t\t\t\t<div class=\"elementor-column elementor-col-50 elementor-inner-column elementor-element elementor-element-2b8cf44\" data-id=\"2b8cf44\" data-element_type=\"column\" data-e-type=\"column\">\n\t\t\t<div class=\"elementor-widget-wrap elementor-element-populated\">\n\t\t\t\t\t\t<div class=\"elementor-element elementor-element-77cfdd2 elementor-widget__width-auto elementor-widget elementor-widget-button\" data-id=\"77cfdd2\" data-element_type=\"widget\" data-e-type=\"widget\" data-widget_type=\"button.default\">\n\t\t\t\t<div class=\"elementor-widget-container\">\n\t\t\t\t\t\t\t\t\t<div class=\"elementor-button-wrapper\">\n\t\t\t\t\t<a class=\"elementor-button elementor-button-link elementor-size-sm elementor-animation-pulse-grow\" href=\"https:\/\/www.imtrade.nl\/de\/contact\/\">\n\t\t\t\t\t\t<span class=\"elementor-button-content-wrapper\">\n\t\t\t\t\t\t\t\t\t<span class=\"elementor-button-text\">Nehmen Sie Kontakt mit uns auf!<\/span>\n\t\t\t\t\t<\/span>\n\t\t\t\t\t<\/a>\n\t\t\t\t<\/div>\n\t\t\t\t\t\t\t\t<\/div>\n\t\t\t\t<\/div>\n\t\t\t\t\t<\/div>\n\t\t<\/div>\n\t\t\t\t<div class=\"elementor-column elementor-col-50 elementor-inner-column elementor-element elementor-element-ca278f2\" data-id=\"ca278f2\" data-element_type=\"column\" data-e-type=\"column\">\n\t\t\t<div class=\"elementor-widget-wrap elementor-element-populated\">\n\t\t\t\t\t\t<div class=\"elementor-element elementor-element-fe15188 elementor-widget__width-auto elementor-widget elementor-widget-button\" data-id=\"fe15188\" data-element_type=\"widget\" data-e-type=\"widget\" data-widget_type=\"button.default\">\n\t\t\t\t<div class=\"elementor-widget-container\">\n\t\t\t\t\t\t\t\t\t<div class=\"elementor-button-wrapper\">\n\t\t\t\t\t<a class=\"elementor-button elementor-button-link elementor-size-sm elementor-animation-pulse-grow\" href=\"https:\/\/www.imtrade.nl\/de\/why\/\">\n\t\t\t\t\t\t<span class=\"elementor-button-content-wrapper\">\n\t\t\t\t\t\t\t\t\t<span class=\"elementor-button-text\">Warum<\/span>\n\t\t\t\t\t<\/span>\n\t\t\t\t\t<\/a>\n\t\t\t\t<\/div>\n\t\t\t\t\t\t\t\t<\/div>\n\t\t\t\t<\/div>\n\t\t\t\t\t<\/div>\n\t\t<\/div>\n\t\t\t\t\t<\/div>\n\t\t<\/section>\n\t\t\t\t\t<\/div>\n\t\t<\/div>\n\t\t\t\t\t<\/div>\n\t\t<\/section>\n\t\t\t\t<\/div>","protected":false},"excerpt":{"rendered":"<p>Goede serviceBij IMtrade staat een goede service voorop. Heb je een vraag of probleem? Bel ons dan op. Bij ons krijg je altijd direct een medewerker aan de lijn die zijn uiterste best doet om het zo snel en goed mogelijk voor je op te lossen. Korte lijnen zijn voor ons erg belangrijk. Bij IMtrade [&hellip;]<\/p>","protected":false},"author":2,"featured_media":0,"parent":0,"menu_order":0,"comment_status":"closed","ping_status":"closed","template":"elementor_theme","meta":{"_acf_changed":false,"footnotes":""},"class_list":["post-514","page","type-page","status-publish","hentry"],"acf":[],"jetpack_sharing_enabled":true,"_links":{"self":[{"href":"https:\/\/www.imtrade.nl\/de\/wp-json\/wp\/v2\/pages\/514","targetHints":{"allow":["GET"]}}],"collection":[{"href":"https:\/\/www.imtrade.nl\/de\/wp-json\/wp\/v2\/pages"}],"about":[{"href":"https:\/\/www.imtrade.nl\/de\/wp-json\/wp\/v2\/types\/page"}],"author":[{"embeddable":true,"href":"https:\/\/www.imtrade.nl\/de\/wp-json\/wp\/v2\/users\/2"}],"replies":[{"embeddable":true,"href":"https:\/\/www.imtrade.nl\/de\/wp-json\/wp\/v2\/comments?post=514"}],"version-history":[{"count":13,"href":"https:\/\/www.imtrade.nl\/de\/wp-json\/wp\/v2\/pages\/514\/revisions"}],"predecessor-version":[{"id":2316,"href":"https:\/\/www.imtrade.nl\/de\/wp-json\/wp\/v2\/pages\/514\/revisions\/2316"}],"wp:attachment":[{"href":"https:\/\/www.imtrade.nl\/de\/wp-json\/wp\/v2\/media?parent=514"}],"curies":[{"name":"wp","href":"https:\/\/api.w.org\/{rel}","templated":true}]}}